{"id":7112,"date":"2023-07-12T17:54:42","date_gmt":"2023-07-12T15:54:42","guid":{"rendered":"https:\/\/espaiboule.cat\/historia\/"},"modified":"2025-06-30T21:32:52","modified_gmt":"2025-06-30T19:32:52","slug":"historia","status":"publish","type":"page","link":"https:\/\/espaiboule.cat\/es\/historia\/","title":{"rendered":"Historia"},"content":{"rendered":"<style>.elementor-7112 .elementor-element.elementor-element-cfcedd1{overflow:hidden;padding:75px 0px 0px 0px;}.elementor-bc-flex-widget .elementor-7112 .elementor-element.elementor-element-f4841d1.elementor-column .elementor-widget-wrap{align-items:center;}.elementor-7112 .elementor-element.elementor-element-f4841d1.elementor-column.elementor-element[data-element_type=\"column\"] > .elementor-widget-wrap.elementor-element-populated{align-content:center;align-items:center;}.elementor-7112 .elementor-element.elementor-element-f4841d1 > .elementor-element-populated{padding:0px 100px 0px 0px;}.elementor-7112 .elementor-element.elementor-element-014ee07{text-align:start;}.elementor-7112 .elementor-element.elementor-element-014ee07 .elementor-heading-title{font-family:var( --e-global-typography-secondary-font-family ), Sans-serif;font-size:var( --e-global-typography-secondary-font-size );font-weight:var( --e-global-typography-secondary-font-weight );text-transform:var( --e-global-typography-secondary-text-transform );line-height:var( --e-global-typography-secondary-line-height );color:var( --e-global-color-primary );}.elementor-7112 .elementor-element.elementor-element-5d29f15{text-align:start;z-index:5;}.elementor-7112 .elementor-element.elementor-element-5d29f15 .elementor-heading-title{font-family:var( --e-global-typography-8352cd5-font-family ), Sans-serif;font-size:var( --e-global-typography-8352cd5-font-size );font-weight:var( --e-global-typography-8352cd5-font-weight );text-transform:var( --e-global-typography-8352cd5-text-transform );line-height:var( --e-global-typography-8352cd5-line-height );letter-spacing:var( --e-global-typography-8352cd5-letter-spacing );word-spacing:var( --e-global-typography-8352cd5-word-spacing );color:var( --e-global-color-text );}.elementor-7112 .elementor-element.elementor-element-735c0a5{text-align:justify;font-family:var( --e-global-typography-text-font-family ), Sans-serif;font-size:var( --e-global-typography-text-font-size );font-weight:var( --e-global-typography-text-font-weight );line-height:var( --e-global-typography-text-line-height );color:var( --e-global-color-text );z-index:5;}.elementor-7112 .elementor-element.elementor-element-735c0a5 > .elementor-widget-container{margin:0px 0px 0px 0px;}.elementor-7112 .elementor-element.elementor-element-6d87e48 > .elementor-element-populated{padding:0px 0px 0px 0px;}.elementor-7112 .elementor-element.elementor-element-99c2cb0{text-align:start;z-index:5;}.elementor-7112 .elementor-element.elementor-element-99c2cb0 img{box-shadow:0px 0px 50px 0px rgba(146, 146, 146, 0.2);}.elementor-7112 .elementor-element.elementor-element-f595e62{overflow:hidden;padding:0px 0px 50px 0px;}.elementor-bc-flex-widget .elementor-7112 .elementor-element.elementor-element-fe97e9e.elementor-column .elementor-widget-wrap{align-items:center;}.elementor-7112 .elementor-element.elementor-element-fe97e9e.elementor-column.elementor-element[data-element_type=\"column\"] > .elementor-widget-wrap.elementor-element-populated{align-content:center;align-items:center;}.elementor-7112 .elementor-element.elementor-element-fe97e9e > .elementor-element-populated{padding:0px 0px 0px 0px;}.elementor-7112 .elementor-element.elementor-element-b722455{text-align:justify;font-family:var( --e-global-typography-text-font-family ), Sans-serif;font-size:var( --e-global-typography-text-font-size );font-weight:var( --e-global-typography-text-font-weight );line-height:var( --e-global-typography-text-line-height );color:var( --e-global-color-text );z-index:5;}.elementor-7112 .elementor-element.elementor-element-b722455 > .elementor-widget-container{margin:0px 0px 0px 0px;}:root{--page-title-display:none;}@media(max-width:1366px){.elementor-7112 .elementor-element.elementor-element-014ee07 .elementor-heading-title{font-size:var( --e-global-typography-secondary-font-size );line-height:var( --e-global-typography-secondary-line-height );}.elementor-7112 .elementor-element.elementor-element-5d29f15 .elementor-heading-title{font-size:var( --e-global-typography-8352cd5-font-size );line-height:var( --e-global-typography-8352cd5-line-height );letter-spacing:var( --e-global-typography-8352cd5-letter-spacing );word-spacing:var( --e-global-typography-8352cd5-word-spacing );}.elementor-7112 .elementor-element.elementor-element-735c0a5{font-size:var( --e-global-typography-text-font-size );line-height:var( --e-global-typography-text-line-height );}.elementor-7112 .elementor-element.elementor-element-b722455{font-size:var( --e-global-typography-text-font-size );line-height:var( --e-global-typography-text-line-height );}}@media(min-width:768px){.elementor-7112 .elementor-element.elementor-element-f4841d1{width:50%;}.elementor-7112 .elementor-element.elementor-element-6d87e48{width:50%;}}@media(max-width:1024px) and (min-width:768px){.elementor-7112 .elementor-element.elementor-element-f4841d1{width:100%;}.elementor-7112 .elementor-element.elementor-element-6d87e48{width:100%;}}@media(max-width:1024px){.elementor-7112 .elementor-element.elementor-element-cfcedd1{padding:50px 20px 0px 20px;}.elementor-7112 .elementor-element.elementor-element-f4841d1 > .elementor-element-populated{padding:0px 20px 0px 0px;}.elementor-7112 .elementor-element.elementor-element-014ee07 .elementor-heading-title{font-size:var( --e-global-typography-secondary-font-size );line-height:var( --e-global-typography-secondary-line-height );}.elementor-7112 .elementor-element.elementor-element-5d29f15 .elementor-heading-title{font-size:var( --e-global-typography-8352cd5-font-size );line-height:var( --e-global-typography-8352cd5-line-height );letter-spacing:var( --e-global-typography-8352cd5-letter-spacing );word-spacing:var( --e-global-typography-8352cd5-word-spacing );}.elementor-7112 .elementor-element.elementor-element-735c0a5{font-size:var( --e-global-typography-text-font-size );line-height:var( --e-global-typography-text-line-height );}.elementor-7112 .elementor-element.elementor-element-99c2cb0 > .elementor-widget-container{margin:0px 0px 0px 0px;}.elementor-7112 .elementor-element.elementor-element-f595e62{padding:20px 20px 50px 20px;}.elementor-7112 .elementor-element.elementor-element-fe97e9e > .elementor-element-populated{padding:0px 20px 0px 0px;}.elementor-7112 .elementor-element.elementor-element-b722455{font-size:var( --e-global-typography-text-font-size );line-height:var( --e-global-typography-text-line-height );}}@media(max-width:767px){.elementor-7112 .elementor-element.elementor-element-cfcedd1{padding:40px 20px 0px 20px;}.elementor-7112 .elementor-element.elementor-element-f4841d1 > .elementor-element-populated{padding:40px 0px 0px 0px;}.elementor-7112 .elementor-element.elementor-element-014ee07 .elementor-heading-title{font-size:var( --e-global-typography-secondary-font-size );line-height:var( --e-global-typography-secondary-line-height );}.elementor-7112 .elementor-element.elementor-element-5d29f15 .elementor-heading-title{font-size:var( --e-global-typography-8352cd5-font-size );line-height:var( --e-global-typography-8352cd5-line-height );letter-spacing:var( --e-global-typography-8352cd5-letter-spacing );word-spacing:var( --e-global-typography-8352cd5-word-spacing );}.elementor-7112 .elementor-element.elementor-element-735c0a5{font-size:var( --e-global-typography-text-font-size );line-height:var( --e-global-typography-text-line-height );}.elementor-7112 .elementor-element.elementor-element-735c0a5 > .elementor-widget-container{margin:0px 0px 0px 0px;}.elementor-7112 .elementor-element.elementor-element-f595e62{padding:0px 20px 50px 20px;}.elementor-7112 .elementor-element.elementor-element-fe97e9e > .elementor-element-populated{padding:0px 0px 0px 0px;}.elementor-7112 .elementor-element.elementor-element-b722455{font-size:var( --e-global-typography-text-font-size );line-height:var( --e-global-typography-text-line-height );}.elementor-7112 .elementor-element.elementor-element-b722455 > .elementor-widget-container{margin:0px 0px 0px 0px;}}<\/style>\t\t<div data-elementor-type=\"wp-page\" data-elementor-id=\"7112\" class=\"elementor elementor-7112 elementor-471\" data-elementor-post-type=\"page\">\n\t\t\t\t\t\t<section class=\"elementor-section elementor-top-section elementor-element elementor-element-cfcedd1 elementor-reverse-mobile elementor-section-boxed elementor-section-height-default elementor-section-height-default elementor-invisible\" data-id=\"cfcedd1\" data-element_type=\"section\" data-e-type=\"section\" data-settings=\"{&quot;animation&quot;:&quot;fadeIn&quot;,&quot;jet_parallax_layout_list&quot;:[]}\">\n\t\t\t\t\t\t<div class=\"elementor-container elementor-column-gap-default\">\n\t\t\t\t\t<div class=\"elementor-column elementor-col-50 elementor-top-column elementor-element elementor-element-f4841d1\" data-id=\"f4841d1\" data-element_type=\"column\" data-e-type=\"column\">\n\t\t\t<div class=\"elementor-widget-wrap elementor-element-populated\">\n\t\t\t\t\t\t<div class=\"elementor-element elementor-element-014ee07 elementor-invisible elementor-widget elementor-widget-heading\" data-id=\"014ee07\" data-element_type=\"widget\" data-e-type=\"widget\" data-settings=\"{&quot;_animation&quot;:&quot;fadeInUp&quot;}\" data-widget_type=\"heading.default\">\n\t\t\t\t<div class=\"elementor-widget-container\">\n\t\t\t\t\t<h6 class=\"elementor-heading-title elementor-size-default\">Conoce el pasado, conoce nuestra <\/h6>\t\t\t\t<\/div>\n\t\t\t\t<\/div>\n\t\t\t\t<div class=\"elementor-element elementor-element-5d29f15 elementor-invisible elementor-widget elementor-widget-heading\" data-id=\"5d29f15\" data-element_type=\"widget\" data-e-type=\"widget\" data-settings=\"{&quot;_animation&quot;:&quot;fadeInUp&quot;}\" data-widget_type=\"heading.default\">\n\t\t\t\t<div class=\"elementor-widget-container\">\n\t\t\t\t\t<h1 class=\"elementor-heading-title elementor-size-default\">HISTORIA<\/h1>\t\t\t\t<\/div>\n\t\t\t\t<\/div>\n\t\t\t\t<div class=\"elementor-element elementor-element-735c0a5 elementor-invisible elementor-widget elementor-widget-text-editor\" data-id=\"735c0a5\" data-element_type=\"widget\" data-e-type=\"widget\" data-settings=\"{&quot;_animation&quot;:&quot;fadeInUp&quot;}\" data-widget_type=\"text-editor.default\">\n\t\t\t\t<div class=\"elementor-widget-container\">\n\t\t\t\t\t\t\t\t\t<p>Josep Boule, nacido en 1822 en Villecomtal, en el sur de Francia, creci\u00f3 en una familia muy pobre que no pudo costear su educaci\u00f3n primaria. A los veinte a\u00f1os, en 1841, emigr\u00f3 a Catalu\u00f1a como parte de un grupo de le\u00f1adores dedicados a la explotaci\u00f3n forestal. En esta nueva etapa de su vida, la prosperidad del negocio le permiti\u00f3 ahorrar, solicitar cr\u00e9dito y fundar su propia empresa maderera, que result\u00f3 ser un gran \u00e9xito.<\/p><p>M\u00e1s adelante, abandon\u00f3 la industria de la madera para centrarse en el negocio del vino.<\/p><p>En este sector, fue un pionero capaz de competir en la exportaci\u00f3n de vino tinto a Inglaterra, Argentina y Brasil, mercados que hasta entonces solo recib\u00edan exportaciones andaluzas de vino de Jerez.<\/p>\t\t\t\t\t\t\t\t<\/div>\n\t\t\t\t<\/div>\n\t\t\t\t\t<\/div>\n\t\t<\/div>\n\t\t\t\t<div class=\"elementor-column elementor-col-50 elementor-top-column elementor-element elementor-element-6d87e48\" data-id=\"6d87e48\" data-element_type=\"column\" data-e-type=\"column\">\n\t\t\t<div class=\"elementor-widget-wrap elementor-element-populated\">\n\t\t\t\t\t\t<div class=\"elementor-element elementor-element-99c2cb0 elementor-invisible elementor-widget elementor-widget-image\" data-id=\"99c2cb0\" data-element_type=\"widget\" data-e-type=\"widget\" data-settings=\"{&quot;_animation&quot;:&quot;fadeInUp&quot;}\" data-widget_type=\"image.default\">\n\t\t\t\t<div class=\"elementor-widget-container\">\n\t\t\t\t\t\t\t\t\t\t\t\t\t\t\t<img fetchpriority=\"high\" decoding=\"async\" width=\"2560\" height=\"1902\" src=\"https:\/\/espaiboule.cat\/wp-content\/uploads\/1-scaled.jpg\" class=\"attachment-full size-full wp-image-7128\" alt=\"\" srcset=\"https:\/\/espaiboule.cat\/wp-content\/uploads\/1-scaled.jpg 2560w, https:\/\/espaiboule.cat\/wp-content\/uploads\/1-300x223.jpg 300w, https:\/\/espaiboule.cat\/wp-content\/uploads\/1-1024x761.jpg 1024w, https:\/\/espaiboule.cat\/wp-content\/uploads\/1-768x571.jpg 768w, https:\/\/espaiboule.cat\/wp-content\/uploads\/1-1536x1141.jpg 1536w, https:\/\/espaiboule.cat\/wp-content\/uploads\/1-2048x1521.jpg 2048w\" sizes=\"(max-width: 2560px) 100vw, 2560px\" \/>\t\t\t\t\t\t\t\t\t\t\t\t\t\t\t<\/div>\n\t\t\t\t<\/div>\n\t\t\t\t\t<\/div>\n\t\t<\/div>\n\t\t\t\t\t<\/div>\n\t\t<\/section>\n\t\t\t\t<section class=\"elementor-section elementor-top-section elementor-element elementor-element-f595e62 elementor-reverse-mobile elementor-section-boxed elementor-section-height-default elementor-section-height-default elementor-invisible\" data-id=\"f595e62\" data-element_type=\"section\" data-e-type=\"section\" data-settings=\"{&quot;animation&quot;:&quot;fadeIn&quot;,&quot;jet_parallax_layout_list&quot;:[]}\">\n\t\t\t\t\t\t<div class=\"elementor-container elementor-column-gap-default\">\n\t\t\t\t\t<div class=\"elementor-column elementor-col-100 elementor-top-column elementor-element elementor-element-fe97e9e\" data-id=\"fe97e9e\" data-element_type=\"column\" data-e-type=\"column\">\n\t\t\t<div class=\"elementor-widget-wrap elementor-element-populated\">\n\t\t\t\t\t\t<div class=\"elementor-element elementor-element-b722455 elementor-invisible elementor-widget elementor-widget-text-editor\" data-id=\"b722455\" data-element_type=\"widget\" data-e-type=\"widget\" data-settings=\"{&quot;_animation&quot;:&quot;fadeInUp&quot;}\" data-widget_type=\"text-editor.default\">\n\t\t\t\t<div class=\"elementor-widget-container\">\n\t\t\t\t\t\t\t\t\t<p>Su estrategia de expansi\u00f3n estuvo tan bien planificada que comenz\u00f3 a invertir en propiedades que, con el tiempo, se convirtieron en edificios emblem\u00e1ticos y, en algunos casos, en barrios enteros. Entre ellos destacan el edificio de la sociedad El C\u00edrcol y el Teatro Fortuny, Ca\u2019l Boule (posteriormente la escuela Maria Cortina), Mas de Boule o Quer (que luego dio origen al barrio Fortuny), los terrenos que posteriormente conformaron el Barri Niloga, la Casa Quer, entre muchas otras propiedades.<\/p><p>De convicciones republicanas, fue uno de los firmantes del manifiesto fundacional de la Asociaci\u00f3n Catalanista de Reus. Su mentalidad abierta le llev\u00f3 a recibir a Amadeo I en 1871, a Alfonso XII en 1877 y al ministro de Gobernaci\u00f3n Aguilera en 1894, quien le otorg\u00f3 las \u00f3rdenes de Carlos III e Isabel la Cat\u00f3lica, distinciones que nunca ostent\u00f3. Un a\u00f1o antes de su fallecimiento, vendi\u00f3 su negocio de exportaci\u00f3n de vino a su yerno Ramon Mayner, esposo de su hija Isabel.<\/p><p>Su riqueza era famosa en toda la regi\u00f3n, hasta el punto de que cuando alguien quer\u00eda expresar que no pod\u00eda permitirse algo dec\u00eda: \u201cNo soy el Boule\u201d, y cuando alguien gastaba mucho dinero se le dec\u00eda: \u201cEsto es de Cal Boule\u201d (pronunciado B\u00fala).<\/p><p>Josep Boule fue un hombre que siempre colabor\u00f3 en proyectos locales y ben\u00e9ficos, adem\u00e1s de ser accionista en todas las grandes iniciativas de Reus, entre ellas el Banco de Reus, el Teatro Fortuny, el Carrilet de Reus-Salou y Gas Reusense.<\/p><p>Entre las curiosidades que rodean su figura, se rumorea que, aunque su \u00e9xito empresarial le permiti\u00f3 consolidarse dentro de la burgues\u00eda reusense de la \u00e9poca, su fortuna inicial provino de un hallazgo fortuito: una jarra llena de monedas de oro. Sin embargo, este relato nunca ha sido probado y se considera una simple leyenda urbana.<\/p>\t\t\t\t\t\t\t\t<\/div>\n\t\t\t\t<\/div>\n\t\t\t\t\t<\/div>\n\t\t<\/div>\n\t\t\t\t\t<\/div>\n\t\t<\/section>\n\t\t\t\t<\/div>\n\t\t","protected":false},"excerpt":{"rendered":"<p>Conoce el pasado, conoce nuestra HISTORIA Josep Boule, nacido en 1822 en Villecomtal, en el sur de Francia, creci\u00f3 en una familia muy pobre que no pudo costear su educaci\u00f3n primaria. A los veinte a\u00f1os, en 1841, emigr\u00f3 a Catalu\u00f1a como parte de un grupo de le\u00f1adores dedicados a la explotaci\u00f3n forestal. En esta nueva [&hellip;]<\/p>\n","protected":false},"author":3,"featured_media":0,"parent":0,"menu_order":0,"comment_status":"closed","ping_status":"closed","template":"","meta":{"_jf_save_progress":"","_jet_sm_ready_style":"","_jet_sm_style":"","_jet_sm_controls_values":"","_jet_sm_fonts_collection":"","_jet_sm_fonts_links":"","footnotes":""},"class_list":["post-7112","page","type-page","status-publish","hentry"],"_links":{"self":[{"href":"https:\/\/espaiboule.cat\/es\/wp-json\/wp\/v2\/pages\/7112","targetHints":{"allow":["GET"]}}],"collection":[{"href":"https:\/\/espaiboule.cat\/es\/wp-json\/wp\/v2\/pages"}],"about":[{"href":"https:\/\/espaiboule.cat\/es\/wp-json\/wp\/v2\/types\/page"}],"author":[{"embeddable":true,"href":"https:\/\/espaiboule.cat\/es\/wp-json\/wp\/v2\/users\/3"}],"replies":[{"embeddable":true,"href":"https:\/\/espaiboule.cat\/es\/wp-json\/wp\/v2\/comments?post=7112"}],"version-history":[{"count":6,"href":"https:\/\/espaiboule.cat\/es\/wp-json\/wp\/v2\/pages\/7112\/revisions"}],"predecessor-version":[{"id":8502,"href":"https:\/\/espaiboule.cat\/es\/wp-json\/wp\/v2\/pages\/7112\/revisions\/8502"}],"wp:attachment":[{"href":"https:\/\/espaiboule.cat\/es\/wp-json\/wp\/v2\/media?parent=7112"}],"curies":[{"name":"wp","href":"https:\/\/api.w.org\/{rel}","templated":true}]}}